{"id":209,"date":"2010-11-30T11:50:49","date_gmt":"2010-11-30T09:50:49","guid":{"rendered":"http:\/\/www.jashopping.de\/blog\/"},"modified":"2025-04-09T10:08:44","modified_gmt":"2025-04-09T08:08:44","slug":"impressum-2","status":"publish","type":"page","link":"https:\/\/www.jashopping.de\/blog\/impressum-2\/","title":{"rendered":"Impressum"},"content":{"rendered":"<p><strong>Impressum<\/strong><\/p>\n<p><strong>Gesetzliche Anbieterkennung:<\/strong><\/p>\n<p><strong>Johann von Lienen e.K.<\/strong><br \/>\n<strong>Inhaber: Jan-Gerd von Lienen<br \/>\nOsterfeuerberger Ring 18<br \/>\n28219 Bremen<br \/>\nDeutschland<\/strong><br \/>\n<strong>Telefon: 0421 382467<\/strong><br \/>\n<strong>Telefax: 0421-3967567<br \/>\nE-Mail: <\/strong><strong>shop@jashopping.de<\/strong><br \/>\n<strong>USt-IdNr.: DE288286726<\/strong><br \/>\n<strong>eingetragen im Handelsregister des Amtsgerichtes Amtgericht Bremen<br \/>\nHandelsregisternummer HRA HRA 10693<\/strong><\/p>\n<p><strong>Inhaltlich Verantwortlicher gem\u00e4\u00df \u00a7 55 RStV:<\/strong><br \/>\nJan-Gerd von Lienen<br \/>\nOsterfeuerberger Ring 18<br \/>\n28219 Bremen<\/p>\n<p>Die Europ\u00e4ische Kommission stellt eine Plattform f\u00fcr die au\u00dfergerichtliche Online-Streitbeilegung (OS-Plattform) bereit, aufrufbar unter <a href=\"https:\/\/ec.europa.eu\/consumers\/odr\/\" target=\"_blank\" rel=\"noopener noreferrer\">http:\/\/ec.europa.eu\/odr<\/a>.<\/p>\n<p><strong>Rechtliche Hinweise zur Webseite<\/strong><\/p>\n<p>Alle Texte, Bilder und weiter hier ver\u00f6ffentlichten Informationen unterliegen dem Urheberrecht des Anbieters, soweit nicht Urheberrechte Dritter bestehen. In jedem Fall ist eine Vervielf\u00e4ltigung, Verbreitung oder \u00f6ffentliche Wiedergabe ausschlie\u00dflich im Falle einer widerruflichen und nicht \u00fcbertragbaren Zustimmung des Anbieters gestattet.<\/p>\n<p>F\u00fcr alle mittels Querverweis (Link) verbundenen Webinhalte \u00fcbernimmt der Anbieter keine Verantwortung, da es sich hierbei nicht um eigene Inhalte handelt. Die verlinkten Seiten wurden auf rechtswidrige Inhalte \u00fcberpr\u00fcft, zum Zeitpunkt der Verlinkung waren solche nicht erkennbar. Verantwortlich f\u00fcr den Inhalt der verlinkten Seiten ist deren Betreiber. Der Anbieter hat hierzu keine allgemeine \u00dcberwachungs- und Pr\u00fcfungspflicht. Bei Bekanntwerden einer Rechtsverletzung wird der entsprechende Link jedoch umgehend entfernt.<\/p>\n","protected":false},"excerpt":{"rendered":"<p>Impressum Gesetzliche Anbieterkennung: Johann von Lienen e.K. Inhaber: Jan-Gerd von Lienen Osterfeuerberger Ring 18 28219 Bremen Deutschland Telefon: 0421 382467 Telefax: 0421-3967567 E-Mail: shop@jashopping.de USt-IdNr.: DE288286726 eingetragen im Handelsregister des Amtsgerichtes Amtgericht Bremen Handelsregisternummer HRA HRA 10693 Inhaltlich Verantwortlicher gem\u00e4\u00df \u00a7 55 RStV: Jan-Gerd von Lienen Osterfeuerberger Ring 18 28219 Bremen Die Europ\u00e4ische Kommission stellt [&hellip;]<\/p>\n","protected":false},"author":1,"featured_media":0,"parent":0,"menu_order":2,"comment_status":"closed","ping_status":"closed","template":"","meta":{"site-sidebar-layout":"default","site-content-layout":"","ast-site-content-layout":"default","site-content-style":"default","site-sidebar-style":"default","ast-global-header-display":"","ast-banner-title-visibility":"","ast-main-header-display":"","ast-hfb-above-header-display":"","ast-hfb-below-header-display":"","ast-hfb-mobile-header-display":"","site-post-title":"","ast-breadcrumbs-content":"","ast-featured-img":"","footer-sml-layout":"","theme-transparent-header-meta":"","adv-header-id-meta":"","stick-header-meta":"","header-above-stick-meta":"","header-main-stick-meta":"","header-below-stick-meta":"","astra-migrate-meta-layouts":"default","ast-page-background-enabled":"default","ast-page-background-meta":{"desktop":{"background-color":"","background-image":"","background-repeat":"repeat","background-position":"center center","background-size":"auto","background-attachment":"scroll","background-type":"","background-media":"","overlay-type":"","overlay-color":"","overlay-opacity":"","overlay-gradient":""},"tablet":{"background-color":"","background-image":"","background-repeat":"repeat","background-position":"center center","background-size":"auto","background-attachment":"scroll","background-type":"","background-media":"","overlay-type":"","overlay-color":"","overlay-opacity":"","overlay-gradient":""},"mobile":{"background-color":"","background-image":"","background-repeat":"repeat","background-position":"center center","background-size":"auto","background-attachment":"scroll","background-type":"","background-media":"","overlay-type":"","overlay-color":"","overlay-opacity":"","overlay-gradient":""}},"ast-content-background-meta":{"desktop":{"background-color":"var(--ast-global-color-5)","background-image":"","background-repeat":"repeat","background-position":"center center","background-size":"auto","background-attachment":"scroll","background-type":"","background-media":"","overlay-type":"","overlay-color":"","overlay-opacity":"","overlay-gradient":""},"tablet":{"background-color":"var(--ast-global-color-5)","background-image":"","background-repeat":"repeat","background-position":"center center","background-size":"auto","background-attachment":"scroll","background-type":"","background-media":"","overlay-type":"","overlay-color":"","overlay-opacity":"","overlay-gradient":""},"mobile":{"background-color":"var(--ast-global-color-5)","background-image":"","background-repeat":"repeat","background-position":"center center","background-size":"auto","background-attachment":"scroll","background-type":"","background-media":"","overlay-type":"","overlay-color":"","overlay-opacity":"","overlay-gradient":""}},"footnotes":""},"class_list":["post-209","page","type-page","status-publish","hentry"],"aioseo_notices":[],"jetpack_sharing_enabled":true,"_links":{"self":[{"href":"https:\/\/www.jashopping.de\/blog\/wp-json\/wp\/v2\/pages\/209","targetHints":{"allow":["GET"]}}],"collection":[{"href":"https:\/\/www.jashopping.de\/blog\/wp-json\/wp\/v2\/pages"}],"about":[{"href":"https:\/\/www.jashopping.de\/blog\/wp-json\/wp\/v2\/types\/page"}],"author":[{"embeddable":true,"href":"https:\/\/www.jashopping.de\/blog\/wp-json\/wp\/v2\/users\/1"}],"replies":[{"embeddable":true,"href":"https:\/\/www.jashopping.de\/blog\/wp-json\/wp\/v2\/comments?post=209"}],"version-history":[{"count":9,"href":"https:\/\/www.jashopping.de\/blog\/wp-json\/wp\/v2\/pages\/209\/revisions"}],"predecessor-version":[{"id":4352,"href":"https:\/\/www.jashopping.de\/blog\/wp-json\/wp\/v2\/pages\/209\/revisions\/4352"}],"wp:attachment":[{"href":"https:\/\/www.jashopping.de\/blog\/wp-json\/wp\/v2\/media?parent=209"}],"curies":[{"name":"wp","href":"https:\/\/api.w.org\/{rel}","templated":true}]}}